{"id":3118,"date":"2019-10-14T15:20:02","date_gmt":"2019-10-14T08:20:02","guid":{"rendered":"https:\/\/hoachatdientu.com\/mau-test\/"},"modified":"2019-10-14T15:20:02","modified_gmt":"2019-10-14T08:20:02","slug":"mau-test","status":"publish","type":"page","link":"https:\/\/hoachatdientu.com\/en\/mau-test\/","title":{"rendered":"M\u1eabu test"},"content":{"rendered":"\n  <div class=\"banner has-hover\" id=\"banner-1643922\">\n          <div class=\"banner-inner fill\">\n        <div class=\"banner-bg fill\" >\n            <div class=\"bg fill bg-fill \"><\/div>\n                        <div class=\"overlay\"><\/div>            \n                    <\/div><!-- bg-layers -->\n        <div class=\"banner-layers container\">\n            <div class=\"fill banner-link\"><\/div>            \n\n   <div id=\"text-box-1517266611\" class=\"text-box banner-layer x50 md-x50 lg-x50 y50 md-y50 lg-y50 res-text\">\n                                <div class=\"text dark\">\n              \n              <div class=\"text-inner text-center\">\n                  \n\n<div class=\"gap-element clearfix\" style=\"display:block; height:auto; padding-top:10px\"><\/div>\n\n<h3 class=\"thin-font\">Y\u00eau C\u1ea7u M\u1eabu Th\u1eed<\/h3>\n<p><span style=\"font-size: 100%\">KNK s\u1eb5n s\u00e0ng cung c\u1ea5p  cho b\u1ea1n m\u1eabu th\u1eed c\u1ee7a ch\u00fang t\u00f4i b\u1eb1ng c\u00e1ch \u0111\u1ec3 l\u1ea1i th\u00f4ng tin d\u01b0\u1edbi \u0111\u00e2y<\/span><\/p>\n\n              <\/div>\n           <\/div><!-- text-box-inner -->\n                            \n<style scope=\"scope\">\n\n#text-box-1517266611 {\n  width: 79%;\n}\n#text-box-1517266611 .text {\n  font-size: 100%;\n}\n\n\n@media (min-width:550px) {\n\n  #text-box-1517266611 {\n    width: 60%;\n  }\n\n}\n<\/style>\n    <\/div><!-- text-box -->\n \n\n        <\/div><!-- .banner-layers -->\n      <\/div><!-- .banner-inner -->\n\n            \n<style scope=\"scope\">\n\n#banner-1643922 {\n  padding-top: 225px;\n  background-color: rgb(32, 41, 56);\n}\n#banner-1643922 .bg.bg-loaded {\n  background-image: url(https:\/\/hoachatdientu.com\/wp-content\/uploads\/2019\/10\/UNS.20-14-of-16.jpg);\n}\n#banner-1643922 .overlay {\n  background-color: rgba(32, 41, 56, 0.89);\n}\n#banner-1643922 .bg {\n  background-position: 28% 77%;\n}\n\n\n@media (min-width:550px) {\n\n  #banner-1643922 {\n    padding-top: 300px;\n  }\n\n}\n<\/style>\n  <\/div><!-- .banner -->\n\n\n\t<section class=\"section\" id=\"section_1250502607\">\n\t\t<div class=\"bg section-bg fill bg-fill  bg-loaded\" >\n\n\t\t\t\n\t\t\t\n\t\t\t\n\n\t\t<\/div><!-- .section-bg -->\n\n\t\t<div class=\"section-content relative\">\n\t\t\t\n\n<div class=\"row\" style=\"max-width:800px\" id=\"row-1944245560\">\n\n<div class=\"col small-12 large-12\"  ><div class=\"col-inner\"  >\n\n<style type=\"text\/css\">.super-form:not(.super-initialized) *:not(.super-load-icon) { visibility: hidden !important; }<\/style><div id=\"super-form-319\" style=\"margin:0px 0px 0px 0px;\" class=\"super-form super-form-319  super-default-rounded super-field-size-large\" data-hide=\"true\" data-field-size=\"large\" data-i18n=\"vi\"><span class=\"super-load-icon\"><\/span><form tabindex=\"0\" autocomplete=\"on\" enctype=\"multipart\/form-data\"><input type=\"hidden\" name=\"sf_nonce\" value=\"\" \/><input type=\"text\" name=\"super_hp\" size=\"25\" value=\"\" \/><div class=\"super-shortcode super-field super-hidden\"><input class=\"super-shortcode-field\" type=\"hidden\" value=\"319\" name=\"hidden_form_id\" \/><\/div><div class=\"super-shortcode super-field super-text   super-ungrouped  \"><div class=\"super-field-wrapper \"><input tabindex=\"-1\" class=\"super-shortcode-field\" type=\"email\" name=\"email\" data-oname=\"email\" data-message=\"Vui l\u00f2ng kh\u00f4ng \u0111\u1ec3 tr\u1ed1ng th\u00f4ng tin n\u00e0y\" data-validation=\"email\" data-email=\"Email:\" data-absolute-default=\"\" data-default-value=\"\" placeholder=\"Nh\u1eadp Email c\u1ee7a b\u1ea1n\" \/><\/div><div class=\"super-error-msg\">Vui l\u00f2ng kh\u00f4ng \u0111\u1ec3 tr\u1ed1ng th\u00f4ng tin n\u00e0y<\/div><div class=\"super-empty-error-msg\">Vui l\u00f2ng kh\u00f4ng \u0111\u1ec3 tr\u1ed1ng th\u00f4ng tin n\u00e0y<\/div><\/div><div class=\"super-grid super-shortcode\"><div class=\"super-shortcode super_one_half super-column grid-level-0 column-number-1 first-column \"><div class=\"super-shortcode super-field super-text   super-ungrouped  \"><div class=\"super-field-wrapper \"><input tabindex=\"-1\" class=\"super-shortcode-field\" type=\"text\" name=\"first_name\" data-oname=\"first_name\" data-message=\"Vui l\u00f2ng kh\u00f4ng \u0111\u1ec3 tr\u1ed1ng th\u00f4ng tin n\u00e0y\" data-validation=\"empty\" data-email=\"T\u00ean:\" data-absolute-default=\"\" data-default-value=\"\" placeholder=\"Nh\u1eadp t\u00ean c\u1ee7a b\u1ea1n\" \/><\/div><div class=\"super-error-msg\">Vui l\u00f2ng kh\u00f4ng \u0111\u1ec3 tr\u1ed1ng th\u00f4ng tin n\u00e0y<\/div><div class=\"super-empty-error-msg\">Vui l\u00f2ng kh\u00f4ng \u0111\u1ec3 tr\u1ed1ng th\u00f4ng tin n\u00e0y<\/div><\/div><\/div><div class=\"super-shortcode super_one_half super-column grid-level-0 column-number-2  \"><div class=\"super-shortcode super-field super-text   super-ungrouped  \"><div class=\"super-field-wrapper \"><input tabindex=\"-1\" class=\"super-shortcode-field\" type=\"text\" name=\"last_name\" data-oname=\"last_name\" data-message=\"Vui l\u00f2ng kh\u00f4ng \u0111\u1ec3 tr\u1ed1ng th\u00f4ng tin n\u00e0y\" data-validation=\"empty\" data-email=\"H\u1ecd:\" data-absolute-default=\"\" data-default-value=\"\" placeholder=\"Nh\u1eadp h\u1ecd v\u00e0 t\u00ean \u0111\u1ec7m c\u1ee7a b\u1ea1n\" \/><\/div><div class=\"super-error-msg\">Vui l\u00f2ng kh\u00f4ng \u0111\u1ec3 tr\u1ed1ng th\u00f4ng tin n\u00e0y<\/div><div class=\"super-empty-error-msg\">Vui l\u00f2ng kh\u00f4ng \u0111\u1ec3 tr\u1ed1ng th\u00f4ng tin n\u00e0y<\/div><\/div><\/div><\/div><div class=\"super-shortcode super-field super-text   super-ungrouped  \"><div class=\"super-field-wrapper \"><input tabindex=\"-1\" class=\"super-shortcode-field\" type=\"tel\" name=\"phonenumber\" data-oname=\"phonenumber\" data-message=\"Vui l\u00f2ng kh\u00f4ng \u0111\u1ec3 tr\u1ed1ng th\u00f4ng tin n\u00e0y\" data-validation=\"phone\" data-email=\"S\u1ed1 \u0111i\u1ec7n tho\u1ea1i:\" data-absolute-default=\"\" data-default-value=\"\" placeholder=\"Nh\u1eadp s\u1ed1 \u0111i\u1ec7n tho\u1ea1i c\u1ee7a b\u1ea1n\" \/><\/div><div class=\"super-error-msg\">Vui l\u00f2ng kh\u00f4ng \u0111\u1ec3 tr\u1ed1ng th\u00f4ng tin n\u00e0y<\/div><div class=\"super-empty-error-msg\">Vui l\u00f2ng kh\u00f4ng \u0111\u1ec3 tr\u1ed1ng th\u00f4ng tin n\u00e0y<\/div><\/div><div class=\"super-shortcode super-field super-dropdown   super-ungrouped  \"><div class=\"super-field-wrapper \"><input type=\"hidden\" class=\"super-shortcode-field\" name=\"option\" value=\"\" data-oname=\"option\" data-email=\"\u1ee8ng d\u1ee5ng c\u1ea7n test:\" data-absolute-default=\"\" data-default-value=\"\" placeholder=\"- \u1ee8ng D\u1ee5ng C\u1ea7n Test -\" \/><input tabindex=\"-1\" type=\"text\" name=\"super-dropdown-search\" value=\"\" data-logic=\"contains\" \/><ul class=\"super-dropdown-list\"><li data-value=\"\" class=\"super-item super-placeholder\">- \u1ee8ng D\u1ee5ng C\u1ea7n Test -<\/li><li class=\"super-item\" data-value=\"Defluxing\" data-search-value=\"Defluxing\"><div>Defluxing<\/div><\/li><li class=\"super-item\" data-value=\"Maintenance\" data-search-value=\"Maintenance\"><div>Maintenance<\/div><\/li><li class=\"super-item\" data-value=\"Stencil\" data-search-value=\"Stencil\"><div>Stencil<\/div><\/li><li class=\"super-item\" data-value=\"Glue\" data-search-value=\"Glue\"><div>Glue<\/div><\/li><li class=\"super-item\" data-value=\"D\u1ea7u m\u1ee1\" data-search-value=\"D\u1ea7u m\u1ee1\"><div>D\u1ea7u m\u1ee1<\/div><\/li><li class=\"super-item\" data-value=\"B\u1ee5i\" data-search-value=\"B\u1ee5i\"><div>B\u1ee5i<\/div><\/li><li class=\"super-item\" data-value=\"Len\" data-search-value=\"Len\"><div>Len<\/div><\/li><\/ul><span class=\"super-dropdown-arrow\"><span class=\"super-after\"><i class=\"fas fa-caret-down\"><\/i><\/span><\/span><\/div><div class=\"super-error-msg\">Field is required!<\/div><div class=\"super-empty-error-msg\">Field is required!<\/div><\/div><div class=\"super-shortcode super-field super-text   super-ungrouped  \"><div class=\"super-field-wrapper \"><input tabindex=\"-1\" class=\"super-shortcode-field\" type=\"text\" name=\"name\" data-oname=\"name\" data-email=\"H\u00f3a ch\u1ea5t:\" data-absolute-default=\"\" data-default-value=\"\" placeholder=\"H\u00f3a ch\u1ea5t\" \/><\/div><div class=\"super-error-msg\">Field is required!<\/div><div class=\"super-empty-error-msg\">Field is required!<\/div><\/div><div class=\"super-shortcode super-field super-textarea   super-ungrouped  \"><div class=\"super-field-wrapper \"><textarea tabindex=\"-1\" class=\"super-shortcode-field\" name=\"question\" data-oname=\"question\" data-message=\"Vui l\u00f2ng kh\u00f4ng \u0111\u1ec3 tr\u1ed1ng th\u00f4ng tin n\u00e0y\" data-email=\"N\u1ed9i dung:\" data-absolute-default=\"\" data-default-value=\"\" placeholder=\"Nh\u1eadp n\u1ed9i dung li\u00ean h\u1ec7\" ><\/textarea><\/div><div class=\"super-error-msg\">Vui l\u00f2ng kh\u00f4ng \u0111\u1ec3 tr\u1ed1ng th\u00f4ng tin n\u00e0y<\/div><div class=\"super-empty-error-msg\">Vui l\u00f2ng kh\u00f4ng \u0111\u1ec3 tr\u1ed1ng th\u00f4ng tin n\u00e0y<\/div><\/div><div class=\"super-shortcode super-field super-recaptcha  super-align-right  super-ungrouped  \"><div class=\"super-recaptcha align-right\" data-sitekey=\"6Leq5rwUAAAAAJ2hKNhGWsF3bCtrE0baODBucJHc\"><\/div><\/div><div data-color=\"#3065a4\" data-light=\"#4479b8\" data-dark=\"#124786\" data-hover-color=\"#444444\" data-hover-light=\"#585858\" data-hover-dark=\"#262626\" data-font=\"#ffffff\" data-font-hover=\"#ffffff\" data-radius=\"rounded\" data-type=\"flat\" class=\"super-extra-shortcode super-shortcode super-field super-button super-clear-none super-form-button super-radius-rounded super-type-flat super-button-medium super-button-align-right super-button-width-auto\"><div data-href=\"\" class=\"super-button-wrap no_link\"><div class=\"super-button-name\" data-action=\"submit\" data-normal=\"G\u1eedi Ngay\" data-loading=\"\u0110ang g\u1eedi...\">G\u1eedi Ngay<\/div><span class=\"super-after\"><\/span><\/div><\/div><\/form><\/div>\n\n<\/div><\/div>\n\n\n<style scope=\"scope\">\n\n<\/style>\n<\/div>\n\n\t\t<\/div><!-- .section-content -->\n\n\t\t\n<style scope=\"scope\">\n\n#section_1250502607 {\n  padding-top: 30px;\n  padding-bottom: 30px;\n}\n<\/style>\n\t<\/section>\n\t","protected":false},"excerpt":{"rendered":"","protected":false},"author":1,"featured_media":0,"parent":0,"menu_order":0,"comment_status":"closed","ping_status":"closed","template":"page-blank.php","meta":{"footnotes":""},"class_list":["post-3118","page","type-page","status-publish","hentry"],"_links":{"self":[{"href":"https:\/\/hoachatdientu.com\/en\/wp-json\/wp\/v2\/pages\/3118","targetHints":{"allow":["GET"]}}],"collection":[{"href":"https:\/\/hoachatdientu.com\/en\/wp-json\/wp\/v2\/pages"}],"about":[{"href":"https:\/\/hoachatdientu.com\/en\/wp-json\/wp\/v2\/types\/page"}],"author":[{"embeddable":true,"href":"https:\/\/hoachatdientu.com\/en\/wp-json\/wp\/v2\/users\/1"}],"replies":[{"embeddable":true,"href":"https:\/\/hoachatdientu.com\/en\/wp-json\/wp\/v2\/comments?post=3118"}],"version-history":[{"count":0,"href":"https:\/\/hoachatdientu.com\/en\/wp-json\/wp\/v2\/pages\/3118\/revisions"}],"wp:attachment":[{"href":"https:\/\/hoachatdientu.com\/en\/wp-json\/wp\/v2\/media?parent=3118"}],"curies":[{"name":"wp","href":"https:\/\/api.w.org\/{rel}","templated":true}]}}