{"id":3069,"date":"2020-04-19T22:50:23","date_gmt":"2020-04-19T15:50:23","guid":{"rendered":"https:\/\/hoachatdientu.com\/dr-wash-v4\/"},"modified":"2020-04-19T22:50:23","modified_gmt":"2020-04-19T15:50:23","slug":"dr-wash-v4","status":"publish","type":"product","link":"https:\/\/hoachatdientu.com\/en\/dr-wash-v4\/","title":{"rendered":"Dr. Wash\u00ae V4"},"content":{"rendered":"<div class=\"table-responsive\">\n<table class=\"table additional-info table-striped table-bordered\">\n<tbody>\n<tr>\n<td>TDS<\/td>\n<td>\n<ul>\n<li><a href=\"https:\/\/knk.com.vn\/wp-content\/uploads\/2019\/04\/1.-TB-DP155.pdf\" rel=\"nofollow\" target=\"_blank\">ENG_TDS<\/a><\/li>\n<\/ul>\n<\/td>\n<\/tr>\n<tr>\n<td>SDS (GHS)<\/td>\n<td>\n<ul>\n<li>ENG_SDS<\/li>\n<li>KR_SDS<\/li>\n<li>JP_SDS<\/li>\n<li>VN_SDS<\/li>\n<\/ul>\n<\/td>\n<\/tr>\n<tr>\n<td>Application<\/td>\n<td>\n<ul class=\"product-categories\">\n<li>Oil Grease Cleaning<\/li>\n<\/ul>\n<\/td>\n<\/tr>\n<\/tbody>\n<\/table>\n<\/div>\n<div>\n<table class=\"table table-striped table-bordered\" style=\"width: 43.3675%;height: 176px\">\n<tbody>\n<tr style=\"height: 134px\">\n<th style=\"height: 134px\">Specifications<\/th>\n<td style=\"height: 134px\">\n<ul>\n<li>Meets IPC-CC-830B<\/li>\n<li>Meets MIL-I-46058C<\/li>\n<li>UL94 flammability rating V-0<\/li>\n<li>MIL-STD 810G salt spray test<\/li>\n<li>MS941-04 salt spray test<\/li>\n<\/ul>\n<\/td>\n<\/tr>\n<tr style=\"height: 21px\">\n<th style=\"height: 21px\">Shelf Life<\/th>\n<td style=\"height: 21px\">5 years<\/td>\n<\/tr>\n<tr style=\"height: 21px\">\n<th style=\"height: 21px\">Shipping Name<\/th>\n<td style=\"height: 21px\">Neutral Detergent<\/td>\n<\/tr>\n<\/tbody>\n<\/table>\n<\/div>\n","protected":false},"excerpt":{"rendered":"<h3 class=\"ui--icon-box-title ui--animation text-left\" data-fx=\"fx--fadein-ltr\">Ch\u1ea5t t\u1ea9y r\u1eeda b\u1ec1 m\u1eb7t t\u00ednh ki\u1ec1m<\/h3>\n<div class=\"ui--animation ui--icon-box-text text-justify\" data-fx=\"fx--appear\">\n<p><strong>Drwash V4<\/strong> l\u00e0 ch\u1ea5t t\u1ea9y r\u1eeda d\u1ea1ng ki\u1ec1m \u0111\u00e3 \u0111\u01b0\u1ee3c pha s\u1eb5n, c\u00f4ng th\u1ee9c d\u1ea1ng ki\u1ec1m n\u00e0y gi\u00fap mang l\u1ea1i kh\u1ea3 n\u0103ng l\u00e0m s\u1ea1ch tuy\u1ec7t v\u1eddi v\u00e0 r\u1eeda l\u1ea1i d\u1ec5 d\u00e0ng. Drwash V4 gi\u00fap l\u00e0m s\u1ea1ch nhanh ch\u00f3ng c\u00e1c ch\u1ea5t b\u1ea9n h\u1eefu c\u01a1 v\u00e0 v\u00f4 c\u01a1 tr\u00ean b\u1ec1 m\u1eb7t s\u1ea3n ph\u1ea9m.<\/p>\n<p><strong>\u0110\u1eb7c t\u00ednh \u0111\u1eb7c tr\u01b0ng:<\/strong><\/p>\n<ul>\n<li>D\u00f9ng lo\u1ea1i b\u1ecf ho\u00e0n to\u00e0n d\u1ea7u m\u1ee1, d\u01b0 l\u01b0\u1ee3ng flux, b\u1ee5i b\u1ea9n, \u0111\u1ea5t c\u00e1t v\u00e0 c\u00e1c ch\u1ea5t b\u1ea9n kh\u00e1c.<\/li>\n<li>Kh\u1ea3 n\u0103ng th\u00e2m nh\u1eadp, ph\u00e1 v\u1ee1 v\u00e0 lo\u1ea1i b\u1ecf hi\u1ec7u qu\u1ea3 ch\u1ea5t b\u1ea9n.<\/li>\n<li>H\u1ed7n h\u1ee3p \u0111\u1eb7c bi\u1ec7t g\u1ed3m Anion, ch\u1ea5t ho\u1ea1t \u0111\u1ed9ng b\u1ec1 m\u1eb7t kh\u00f4ng ion v\u00e0 dung m\u00f4i.<\/li>\n<li>Kh\u00f4ng g\u00e2y \u0103n m\u00f2n \u0111\u1ed1i v\u1edbi b\u1ec1 m\u1eb7t s\u1ea3n ph\u1ea9m.<\/li>\n<li>Ph\u00e2n h\u1ee7y sinh h\u1ecdc.<\/li>\n<\/ul>\n<\/div>\n","protected":false},"featured_media":2601,"template":"","meta":[],"product_brand":[],"product_cat":[394],"product_tag":[],"class_list":{"0":"post-3069","1":"product","2":"type-product","3":"status-publish","4":"has-post-thumbnail","6":"product_cat-oil-dust-cleaner","8":"first","9":"instock","10":"shipping-taxable","11":"product-type-simple"},"_links":{"self":[{"href":"https:\/\/hoachatdientu.com\/en\/wp-json\/wp\/v2\/product\/3069","targetHints":{"allow":["GET"]}}],"collection":[{"href":"https:\/\/hoachatdientu.com\/en\/wp-json\/wp\/v2\/product"}],"about":[{"href":"https:\/\/hoachatdientu.com\/en\/wp-json\/wp\/v2\/types\/product"}],"wp:featuredmedia":[{"embeddable":true,"href":"https:\/\/hoachatdientu.com\/en\/wp-json\/wp\/v2\/media\/2601"}],"wp:attachment":[{"href":"https:\/\/hoachatdientu.com\/en\/wp-json\/wp\/v2\/media?parent=3069"}],"wp:term":[{"taxonomy":"product_brand","embeddable":true,"href":"https:\/\/hoachatdientu.com\/en\/wp-json\/wp\/v2\/product_brand?post=3069"},{"taxonomy":"product_cat","embeddable":true,"href":"https:\/\/hoachatdientu.com\/en\/wp-json\/wp\/v2\/product_cat?post=3069"},{"taxonomy":"product_tag","embeddable":true,"href":"https:\/\/hoachatdientu.com\/en\/wp-json\/wp\/v2\/product_tag?post=3069"}],"curies":[{"name":"wp","href":"https:\/\/api.w.org\/{rel}","templated":true}]}}